{"id":45607,"date":"2025-10-06T11:37:16","date_gmt":"2025-10-06T09:37:16","guid":{"rendered":"https:\/\/wein-von-seibert.de\/catalog\/?product=44m-2022020er-spaetburgunder-auslese-trocken-15l"},"modified":"2026-03-04T19:38:29","modified_gmt":"2026-03-04T17:38:29","slug":"44m-2022020er-spaetburgunder-auslese-trocken-15l","status":"publish","type":"product","link":"https:\/\/wein-von-seibert.de\/catalog\/?product=44m-2022020er-spaetburgunder-auslese-trocken-15l","title":{"rendered":"<br><h3>44M\/202<\/h3>2020er Sp\u00e4tburgunder Auslese trocken 1,5l<br>"},"content":{"rendered":"<div align=\"left\"><!-- IBGHTML --><font size=\"2\"><font face=\"Calibri\" size=\"3\">Aus einer Sp\u00e4tburgundervariante, die dichte <br \/>und komplexe Weine hervorbringt. F\u00fcr den <br \/>vollen Genuss gut temperieren und atmen lassen.<br \/>Tannin- und k\u00f6rperreich, tiefdunkel, harmonisch,<br \/>mit dem Aroma von Sauerkirsche und Vanille.<\/p>\n<p>Im Barrique ausgebaut.<br \/>Deutscher Pr\u00e4dikatswein Auslese<\/font><br \/><\/font><\/p><\/div>\n<table WIDTH=\"60%\" BORDER=\"0\" align=\"left\" CELLPADDING=\"0\" CELLSPACING=\"0\"><\/p>\n<tr><\/p>\n<td width=\"53%\"><font size=\"-1\">Artikelnummer:<\/font><\/td>\n<td width=\"47%\"><font size=\"-1\"><strong>44M\/202<\/strong><\/font><\/td>\n<p><\/tr>\n<tr><\/p>\n<td><font size=\"-1\">Inhalt<\/font><\/td>\n<td><font size=\"-1\"><strong>1,5 Ltr.<\/strong><\/font><\/td>\n<p><\/tr>\n<tr ALIGN=\"LEFT\"><\/p>\n<td><font size=\"-1\">Preis\/Ltr.<\/font><\/td>\n<td><font size=\"-1\"><strong>19,00 EUR pro Ltr.<\/strong><\/font><\/td>\n<p><\/tr>\n<tr><\/p>\n<td><font size=\"-1\">Weinart:<\/font><\/td>\n<td><font size=\"-1\"><strong>Rotwein<\/strong><\/font><\/td>\n<p><\/tr>\n<tr><\/p>\n<td><font size=\"-1\">Qualit&auml;tsstufe<\/font><\/td>\n<td><font size=\"-1\"><strong>Auslese<\/strong><\/font><\/td>\n<p><\/tr>\n<tr><\/p>\n<td><font size=\"-1\">Rebsorte<\/font><\/td>\n<td><font size=\"-1\"><strong>Sp\u00e4tburgunder<\/strong><\/font><\/td>\n<p><\/tr>\n<tr>  <\/p>\n<td><font size=\"-1\">Restzuckergehalt<\/font><\/td>\n<p>  <\/p>\n<td><font size=\"-1\"><strong>6,2 g\/Ltr.<\/strong><\/font><\/td>\n<p><\/tr>\n<tr>  <\/p>\n<td><font size=\"-1\">Fruchts\u00e4ure<\/font><\/td>\n<p>  <\/p>\n<td><font size=\"-1\"><strong>5,8 g\/Ltr.<\/strong><\/font><\/td>\n<p><\/tr>\n<tr><\/p>\n<td><font size=\"-1\">Alkoholgehalt<\/font><\/td>\n<td><font size=\"-1\"><strong>14,0 Vol. %<\/strong><\/font><\/td>\n<p><\/tr>\n<p><\/p>\n<tr>\n<td><font size=\"-1\">Bio:<\/font><\/td>\n<td><font size=\"-1\"><strong>NEIN<\/strong><\/font><\/td>\n<\/tr>\n<p><\/p>\n<tr>\n<td><font size=\"-1\">vegan:<\/font><\/td>\n<td><font size=\"-1\"><strong>JA<\/strong><\/font><\/td>\n<\/tr>\n<p><\/p>\n<tr>\n<td><font size=\"-1\">Ursprungsland:<\/font><\/td>\n<td><font size=\"-1\"><strong>Deutschland<\/strong><\/font><\/td>\n<\/tr>\n<p><\/p>\n<tr>\n<td><font size=\"-1\">enth\u00e4lt Allergene:<\/font><\/td>\n<td><font size=\"-1\"><strong>Sulfite<\/strong><\/font><\/td>\n<\/tr>\n<p><\/table>\n","protected":false},"excerpt":{"rendered":"<p>Aus einer Sp\u00e4tburgundervariante, die dichte und komplexe Weine hervorbringt. F\u00fcr den vollen Genuss gut temperieren und atmen lassen.Tannin- und k\u00f6rperreich, tiefdunkel, harmonisch,mit dem Aroma von Sauerkirsche und Vanille. Im Barrique ausgebaut.Deutscher Pr\u00e4dikatswein Auslese Artikelnummer: 44M\/202 Inhalt 1,5 Ltr. Preis\/Ltr. 19,00 EUR pro Ltr. Weinart: Rotwein Qualit&auml;tsstufe Auslese Rebsorte Sp\u00e4tburgunder Restzuckergehalt 6,2 g\/Ltr. Fruchts\u00e4ure 5,8 g\/Ltr. [&hellip;]<\/p>\n","protected":false},"featured_media":45537,"template":"","meta":[],"product_brand":[],"product_cat":[2182],"product_tag":[],"class_list":{"0":"post-45607","1":"product","2":"type-product","3":"status-publish","4":"has-post-thumbnail","6":"product_cat-rotweine","8":"first","9":"instock","10":"taxable","11":"shipping-taxable","12":"purchasable","13":"product-type-simple"},"_links":{"self":[{"href":"https:\/\/wein-von-seibert.de\/catalog\/index.php?rest_route=\/wp\/v2\/product\/45607"}],"collection":[{"href":"https:\/\/wein-von-seibert.de\/catalog\/index.php?rest_route=\/wp\/v2\/product"}],"about":[{"href":"https:\/\/wein-von-seibert.de\/catalog\/index.php?rest_route=\/wp\/v2\/types\/product"}],"wp:featuredmedia":[{"embeddable":true,"href":"https:\/\/wein-von-seibert.de\/catalog\/index.php?rest_route=\/wp\/v2\/media\/45537"}],"wp:attachment":[{"href":"https:\/\/wein-von-seibert.de\/catalog\/index.php?rest_route=%2Fwp%2Fv2%2Fmedia&parent=45607"}],"wp:term":[{"taxonomy":"product_brand","embeddable":true,"href":"https:\/\/wein-von-seibert.de\/catalog\/index.php?rest_route=%2Fwp%2Fv2%2Fproduct_brand&post=45607"},{"taxonomy":"product_cat","embeddable":true,"href":"https:\/\/wein-von-seibert.de\/catalog\/index.php?rest_route=%2Fwp%2Fv2%2Fproduct_cat&post=45607"},{"taxonomy":"product_tag","embeddable":true,"href":"https:\/\/wein-von-seibert.de\/catalog\/index.php?rest_route=%2Fwp%2Fv2%2Fproduct_tag&post=45607"}],"curies":[{"name":"wp","href":"https:\/\/api.w.org\/{rel}","templated":true}]}}