{"id":45545,"date":"2025-07-19T16:33:54","date_gmt":"2025-07-19T14:33:54","guid":{"rendered":"https:\/\/wein-von-seibert.de\/catalog\/?product=55-242024er-muehlenhof-troepfchen-halbtrocken-10l"},"modified":"2026-03-04T19:38:52","modified_gmt":"2026-03-04T17:38:52","slug":"55-242024er-muehlenhof-troepfchen-halbtrocken-10l","status":"publish","type":"product","link":"https:\/\/wein-von-seibert.de\/catalog\/?product=55-242024er-muehlenhof-troepfchen-halbtrocken-10l","title":{"rendered":"<br><h3>55\/24<\/h3>2024er M\u00fchlenhof-Tr\u00f6pfchen halbtrocken 1,0l<br>"},"content":{"rendered":"<div align=\"left\"><!-- IBGHTML --><font size=\"2\"><font face=\"Calibri\" size=\"3\">Eine Kunst des Winzer besteht darin, <br \/>verschiedene Weine harmonisch zum Cuv\u00e9e zu kombinieren. <br \/>Ein Highlight f\u00fcr den Alltag.<br \/><\/font><font size=\"3\"><font face=\"Calibri\">Wei\u00dfwein<br \/><\/font><font face=\"Calibri\">Deutscher Qualit\u00e4tswein<font size=\"2\"><\/font><\/font><\/font><font size=\"2\"><br \/><\/font><font size=\"2\"><\/font><br \/><\/font><\/p><\/div>\n<table WIDTH=\"60%\" BORDER=\"0\" align=\"left\" CELLPADDING=\"0\" CELLSPACING=\"0\"><\/p>\n<tr><\/p>\n<td width=\"53%\"><font size=\"-1\">Artikelnummer:<\/font><\/td>\n<td width=\"47%\"><font size=\"-1\"><strong>55\/24<\/strong><\/font><\/td>\n<p><\/tr>\n<tr><\/p>\n<td><font size=\"-1\">Inhalt<\/font><\/td>\n<td><font size=\"-1\"><strong>1,0 Ltr.<\/strong><\/font><\/td>\n<p><\/tr>\n<tr ALIGN=\"LEFT\"><\/p>\n<td><font size=\"-1\">Preis\/Ltr.<\/font><\/td>\n<td><font size=\"-1\"><strong>7,20 EUR pro Ltr.<\/strong><\/font><\/td>\n<p><\/tr>\n<tr><\/p>\n<td><font size=\"-1\">Weinart:<\/font><\/td>\n<td><font size=\"-1\"><strong>Wei\u00dfwein<\/strong><\/font><\/td>\n<p><\/tr>\n<tr><\/p>\n<td><font size=\"-1\">Qualit&auml;tsstufe<\/font><\/td>\n<td><font size=\"-1\"><strong>Qualit\u00e4tswein<\/strong><\/font><\/td>\n<p><\/tr>\n<tr><\/p>\n<td><font size=\"-1\">Rebsorte<\/font><\/td>\n<td><font size=\"-1\"><strong>M\u00fcller-Thurgau<\/strong><\/font><\/td>\n<p><\/tr>\n<tr>  <\/p>\n<td><font size=\"-1\">Restzuckergehalt<\/font><\/td>\n<p>  <\/p>\n<td><font size=\"-1\"><strong>12,5 g\/Ltr.<\/strong><\/font><\/td>\n<p><\/tr>\n<tr>  <\/p>\n<td><font size=\"-1\">Fruchts\u00e4ure<\/font><\/td>\n<p>  <\/p>\n<td><font size=\"-1\"><strong>4,8 g\/Ltr.<\/strong><\/font><\/td>\n<p><\/tr>\n<tr><\/p>\n<td><font size=\"-1\">Alkoholgehalt<\/font><\/td>\n<td><font size=\"-1\"><strong>11,5 Vol. %<\/strong><\/font><\/td>\n<p><\/tr>\n<p><\/p>\n<tr>\n<td><font size=\"-1\">Bio:<\/font><\/td>\n<td><font size=\"-1\"><strong>NEIN<\/strong><\/font><\/td>\n<\/tr>\n<p><\/p>\n<tr>\n<td><font size=\"-1\">vegan:<\/font><\/td>\n<td><font size=\"-1\"><strong>JA<\/strong><\/font><\/td>\n<\/tr>\n<p><\/p>\n<tr>\n<td><font size=\"-1\">Ursprungsland:<\/font><\/td>\n<td><font size=\"-1\"><strong>Deutschland<\/strong><\/font><\/td>\n<\/tr>\n<p><\/p>\n<tr>\n<td><font size=\"-1\">enth\u00e4lt Allergene:<\/font><\/td>\n<td><font size=\"-1\"><strong>Sulfite<\/strong><\/font><\/td>\n<\/tr>\n<p><\/table>\n","protected":false},"excerpt":{"rendered":"<p>Eine Kunst des Winzer besteht darin, verschiedene Weine harmonisch zum Cuv\u00e9e zu kombinieren. Ein Highlight f\u00fcr den Alltag.Wei\u00dfweinDeutscher Qualit\u00e4tswein Artikelnummer: 55\/24 Inhalt 1,0 Ltr. Preis\/Ltr. 7,20 EUR pro Ltr. Weinart: Wei\u00dfwein Qualit&auml;tsstufe Qualit\u00e4tswein Rebsorte M\u00fcller-Thurgau Restzuckergehalt 12,5 g\/Ltr. Fruchts\u00e4ure 4,8 g\/Ltr. Alkoholgehalt 11,5 Vol. % Bio: NEIN vegan: JA Ursprungsland: Deutschland enth\u00e4lt Allergene: Sulfite<\/p>\n","protected":false},"featured_media":45538,"template":"","meta":[],"product_brand":[],"product_cat":[2180],"product_tag":[],"class_list":{"0":"post-45545","1":"product","2":"type-product","3":"status-publish","4":"has-post-thumbnail","6":"product_cat-weissweine-halbtrocken","8":"first","9":"instock","10":"taxable","11":"shipping-taxable","12":"purchasable","13":"product-type-simple"},"_links":{"self":[{"href":"https:\/\/wein-von-seibert.de\/catalog\/index.php?rest_route=\/wp\/v2\/product\/45545"}],"collection":[{"href":"https:\/\/wein-von-seibert.de\/catalog\/index.php?rest_route=\/wp\/v2\/product"}],"about":[{"href":"https:\/\/wein-von-seibert.de\/catalog\/index.php?rest_route=\/wp\/v2\/types\/product"}],"wp:featuredmedia":[{"embeddable":true,"href":"https:\/\/wein-von-seibert.de\/catalog\/index.php?rest_route=\/wp\/v2\/media\/45538"}],"wp:attachment":[{"href":"https:\/\/wein-von-seibert.de\/catalog\/index.php?rest_route=%2Fwp%2Fv2%2Fmedia&parent=45545"}],"wp:term":[{"taxonomy":"product_brand","embeddable":true,"href":"https:\/\/wein-von-seibert.de\/catalog\/index.php?rest_route=%2Fwp%2Fv2%2Fproduct_brand&post=45545"},{"taxonomy":"product_cat","embeddable":true,"href":"https:\/\/wein-von-seibert.de\/catalog\/index.php?rest_route=%2Fwp%2Fv2%2Fproduct_cat&post=45545"},{"taxonomy":"product_tag","embeddable":true,"href":"https:\/\/wein-von-seibert.de\/catalog\/index.php?rest_route=%2Fwp%2Fv2%2Fproduct_tag&post=45545"}],"curies":[{"name":"wp","href":"https:\/\/api.w.org\/{rel}","templated":true}]}}