{"id":45344,"date":"2024-04-25T09:08:25","date_gmt":"2024-04-25T07:08:25","guid":{"rendered":"https:\/\/wein-von-seibert.de\/catalog\/?product=25-232023er-goldmuskateller-lieblich-075l"},"modified":"2026-03-04T19:38:21","modified_gmt":"2026-03-04T17:38:21","slug":"25-232023er-goldmuskateller-lieblich-075l","status":"publish","type":"product","link":"https:\/\/wein-von-seibert.de\/catalog\/?product=25-232023er-goldmuskateller-lieblich-075l","title":{"rendered":"<br><h3>25\/23<\/h3>2023er Goldmuskateller lieblich 0,75l<br>"},"content":{"rendered":"<div align=\"left\"><!-- IBGHTML --><font size=\"2\"><font face=\"Calibri\" size=\"3\">Muskataromen gepaart mit Zitronemelisse, <br \/>dazu eine frische S\u00fc\u00dfe.<br \/>Nicht so trocken, aber sehr attraktiv.<br \/>Deutscher Qualit\u00e4tswein<\/font><br \/><\/font><\/p><\/div>\n<table WIDTH=\"60%\" BORDER=\"0\" align=\"left\" CELLPADDING=\"0\" CELLSPACING=\"0\"><\/p>\n<tr><\/p>\n<td width=\"53%\"><font size=\"-1\">Artikelnummer:<\/font><\/td>\n<td width=\"47%\"><font size=\"-1\"><strong>25\/23<\/strong><\/font><\/td>\n<p><\/tr>\n<tr><\/p>\n<td><font size=\"-1\">Inhalt<\/font><\/td>\n<td><font size=\"-1\"><strong>0,75 Ltr.<\/strong><\/font><\/td>\n<p><\/tr>\n<tr ALIGN=\"LEFT\"><\/p>\n<td><font size=\"-1\">Preis\/Ltr.<\/font><\/td>\n<td><font size=\"-1\"><strong>10,53 EUR pro Ltr.<\/strong><\/font><\/td>\n<p><\/tr>\n<tr><\/p>\n<td><font size=\"-1\">Weinart:<\/font><\/td>\n<td><font size=\"-1\"><strong>Wei\u00dfwein<\/strong><\/font><\/td>\n<p><\/tr>\n<tr><\/p>\n<td><font size=\"-1\">Qualit&auml;tsstufe<\/font><\/td>\n<td><font size=\"-1\"><strong>Qualit\u00e4tswein<\/strong><\/font><\/td>\n<p><\/tr>\n<tr><\/p>\n<td><font size=\"-1\">Rebsorte<\/font><\/td>\n<td><font size=\"-1\"><strong>Goldmuskateller<\/strong><\/font><\/td>\n<p><\/tr>\n<tr>  <\/p>\n<td><font size=\"-1\">Restzuckergehalt<\/font><\/td>\n<p>  <\/p>\n<td><font size=\"-1\"><strong>28,5 g\/Ltr.<\/strong><\/font><\/td>\n<p><\/tr>\n<tr>  <\/p>\n<td><font size=\"-1\">Fruchts\u00e4ure<\/font><\/td>\n<p>  <\/p>\n<td><font size=\"-1\"><strong>6 g\/Ltr.<\/strong><\/font><\/td>\n<p><\/tr>\n<tr><\/p>\n<td><font size=\"-1\">Alkoholgehalt<\/font><\/td>\n<td><font size=\"-1\"><strong>11,0 Vol. %<\/strong><\/font><\/td>\n<p><\/tr>\n<p><\/p>\n<tr>\n<td><font size=\"-1\">Bio:<\/font><\/td>\n<td><font size=\"-1\"><strong>NEIN<\/strong><\/font><\/td>\n<\/tr>\n<p><\/p>\n<tr>\n<td><font size=\"-1\">vegan:<\/font><\/td>\n<td><font size=\"-1\"><strong>JA<\/strong><\/font><\/td>\n<\/tr>\n<p><\/p>\n<tr>\n<td><font size=\"-1\">Ursprungsland:<\/font><\/td>\n<td><font size=\"-1\"><strong>Deutschland<\/strong><\/font><\/td>\n<\/tr>\n<p><\/p>\n<tr>\n<td><font size=\"-1\">enth\u00e4lt Allergene:<\/font><\/td>\n<td><font size=\"-1\"><strong>Sulfite<\/strong><\/font><\/td>\n<\/tr>\n<p><\/table>\n","protected":false},"excerpt":{"rendered":"<p>Muskataromen gepaart mit Zitronemelisse, dazu eine frische S\u00fc\u00dfe.Nicht so trocken, aber sehr attraktiv.Deutscher Qualit\u00e4tswein Artikelnummer: 25\/23 Inhalt 0,75 Ltr. Preis\/Ltr. 10,53 EUR pro Ltr. Weinart: Wei\u00dfwein Qualit&auml;tsstufe Qualit\u00e4tswein Rebsorte Goldmuskateller Restzuckergehalt 28,5 g\/Ltr. Fruchts\u00e4ure 6 g\/Ltr. Alkoholgehalt 11,0 Vol. % Bio: NEIN vegan: JA Ursprungsland: Deutschland enth\u00e4lt Allergene: Sulfite<\/p>\n","protected":false},"featured_media":45335,"template":"","meta":[],"product_brand":[],"product_cat":[2185],"product_tag":[],"class_list":{"0":"post-45344","1":"product","2":"type-product","3":"status-publish","4":"has-post-thumbnail","6":"product_cat-weissweine-lieblich-edelsuess","8":"first","9":"instock","10":"taxable","11":"shipping-taxable","12":"purchasable","13":"product-type-simple"},"_links":{"self":[{"href":"https:\/\/wein-von-seibert.de\/catalog\/index.php?rest_route=\/wp\/v2\/product\/45344"}],"collection":[{"href":"https:\/\/wein-von-seibert.de\/catalog\/index.php?rest_route=\/wp\/v2\/product"}],"about":[{"href":"https:\/\/wein-von-seibert.de\/catalog\/index.php?rest_route=\/wp\/v2\/types\/product"}],"wp:featuredmedia":[{"embeddable":true,"href":"https:\/\/wein-von-seibert.de\/catalog\/index.php?rest_route=\/wp\/v2\/media\/45335"}],"wp:attachment":[{"href":"https:\/\/wein-von-seibert.de\/catalog\/index.php?rest_route=%2Fwp%2Fv2%2Fmedia&parent=45344"}],"wp:term":[{"taxonomy":"product_brand","embeddable":true,"href":"https:\/\/wein-von-seibert.de\/catalog\/index.php?rest_route=%2Fwp%2Fv2%2Fproduct_brand&post=45344"},{"taxonomy":"product_cat","embeddable":true,"href":"https:\/\/wein-von-seibert.de\/catalog\/index.php?rest_route=%2Fwp%2Fv2%2Fproduct_cat&post=45344"},{"taxonomy":"product_tag","embeddable":true,"href":"https:\/\/wein-von-seibert.de\/catalog\/index.php?rest_route=%2Fwp%2Fv2%2Fproduct_tag&post=45344"}],"curies":[{"name":"wp","href":"https:\/\/api.w.org\/{rel}","templated":true}]}}