{"id":45087,"date":"2022-11-28T19:32:35","date_gmt":"2022-11-28T17:32:35","guid":{"rendered":"https:\/\/wein-von-seibert.de\/catalog\/?product=31priesling-brut-piccolos-02l"},"modified":"2026-03-04T19:39:13","modified_gmt":"2026-03-04T17:39:13","slug":"31priesling-brut-piccolos-02l","status":"publish","type":"product","link":"https:\/\/wein-von-seibert.de\/catalog\/?product=31priesling-brut-piccolos-02l","title":{"rendered":"<br><h3>31P<\/h3>Riesling Brut Piccolos 0,2l<br>"},"content":{"rendered":"<div align=\"left\"><!-- IBGHTML --><font size=\"2\"><font face=\"Calibri\" size=\"3\">Ein&nbsp;trockener Sekt &#8211; als praktische Piccoloflasche.<br \/>Tankg\u00e4rung <\/font><font face=\"Calibri\"><font size=\"3\">Zukauf<br \/>Deutscher Sekt b.A.<\/font><font size=\"2\"><font size=\"1\"><\/font><\/font><font size=\"1\"><\/font><\/font><font size=\"1\"><\/font><\/font><\/p><\/div>\n<table WIDTH=\"60%\" BORDER=\"0\" align=\"left\" CELLPADDING=\"0\" CELLSPACING=\"0\"><\/p>\n<tr><\/p>\n<td width=\"53%\"><font size=\"-1\">Artikelnummer:<\/font><\/td>\n<td width=\"47%\"><font size=\"-1\"><strong>31P<\/strong><\/font><\/td>\n<p><\/tr>\n<tr><\/p>\n<td><font size=\"-1\">Inhalt<\/font><\/td>\n<td><font size=\"-1\"><strong>0,2 Ltr.<\/strong><\/font><\/td>\n<p><\/tr>\n<tr ALIGN=\"LEFT\"><\/p>\n<td><font size=\"-1\">Preis\/Ltr.<\/font><\/td>\n<td><font size=\"-1\"><strong>22,50 EUR pro Ltr.<\/strong><\/font><\/td>\n<p><\/tr>\n<tr><\/p>\n<td><font size=\"-1\">Weinart:<\/font><\/td>\n<td><font size=\"-1\"><strong>Wei\u00df<\/strong><\/font><\/td>\n<p><\/tr>\n<tr><\/p>\n<td><font size=\"-1\">Qualit&auml;tsstufe<\/font><\/td>\n<td><font size=\"-1\"><strong><\/strong><\/font><\/td>\n<p><\/tr>\n<tr><\/p>\n<td><font size=\"-1\">Rebsorte<\/font><\/td>\n<td><font size=\"-1\"><strong>Riesling<\/strong><\/font><\/td>\n<p><\/tr>\n<tr>  <\/p>\n<td><font size=\"-1\">Restzuckergehalt<\/font><\/td>\n<p>  <\/p>\n<td><font size=\"-1\"><strong><\/strong><\/font><\/td>\n<p><\/tr>\n<tr>  <\/p>\n<td><font size=\"-1\">Fruchts\u00e4ure<\/font><\/td>\n<p>  <\/p>\n<td><font size=\"-1\"><strong><\/strong><\/font><\/td>\n<p><\/tr>\n<tr><\/p>\n<td><font size=\"-1\">Alkoholgehalt<\/font><\/td>\n<td><font size=\"-1\"><strong>12,5 Vol. %<\/strong><\/font><\/td>\n<p><\/tr>\n<p><\/p>\n<tr>\n<td><font size=\"-1\">Bio:<\/font><\/td>\n<td><font size=\"-1\"><strong>NEIN<\/strong><\/font><\/td>\n<\/tr>\n<p><\/p>\n<tr>\n<td><font size=\"-1\">vegan:<\/font><\/td>\n<td><font size=\"-1\"><strong>NEIN<\/strong><\/font><\/td>\n<\/tr>\n<p><\/p>\n<tr>\n<td><font size=\"-1\">Ursprungsland:<\/font><\/td>\n<td><font size=\"-1\"><strong>Deutschland<\/strong><\/font><\/td>\n<\/tr>\n<p><\/p>\n<tr>\n<td><font size=\"-1\">enth\u00e4lt Allergene:<\/font><\/td>\n<td><font size=\"-1\"><strong>Sulfite<\/strong><\/font><\/td>\n<\/tr>\n<p><\/table>\n","protected":false},"excerpt":{"rendered":"<p>Ein&nbsp;trockener Sekt &#8211; als praktische Piccoloflasche.Tankg\u00e4rung ZukaufDeutscher Sekt b.A. Artikelnummer: 31P Inhalt 0,2 Ltr. Preis\/Ltr. 22,50 EUR pro Ltr. Weinart: Wei\u00df Qualit&auml;tsstufe Rebsorte Riesling Restzuckergehalt Fruchts\u00e4ure Alkoholgehalt 12,5 Vol. % Bio: NEIN vegan: NEIN Ursprungsland: Deutschland enth\u00e4lt Allergene: Sulfite<\/p>\n","protected":false},"featured_media":45076,"template":"","meta":[],"product_brand":[],"product_cat":[2181],"product_tag":[],"class_list":{"0":"post-45087","1":"product","2":"type-product","3":"status-publish","4":"has-post-thumbnail","6":"product_cat-winzersekte-perlweine","8":"first","9":"instock","10":"taxable","11":"shipping-taxable","12":"purchasable","13":"product-type-simple"},"_links":{"self":[{"href":"https:\/\/wein-von-seibert.de\/catalog\/index.php?rest_route=\/wp\/v2\/product\/45087"}],"collection":[{"href":"https:\/\/wein-von-seibert.de\/catalog\/index.php?rest_route=\/wp\/v2\/product"}],"about":[{"href":"https:\/\/wein-von-seibert.de\/catalog\/index.php?rest_route=\/wp\/v2\/types\/product"}],"wp:featuredmedia":[{"embeddable":true,"href":"https:\/\/wein-von-seibert.de\/catalog\/index.php?rest_route=\/wp\/v2\/media\/45076"}],"wp:attachment":[{"href":"https:\/\/wein-von-seibert.de\/catalog\/index.php?rest_route=%2Fwp%2Fv2%2Fmedia&parent=45087"}],"wp:term":[{"taxonomy":"product_brand","embeddable":true,"href":"https:\/\/wein-von-seibert.de\/catalog\/index.php?rest_route=%2Fwp%2Fv2%2Fproduct_brand&post=45087"},{"taxonomy":"product_cat","embeddable":true,"href":"https:\/\/wein-von-seibert.de\/catalog\/index.php?rest_route=%2Fwp%2Fv2%2Fproduct_cat&post=45087"},{"taxonomy":"product_tag","embeddable":true,"href":"https:\/\/wein-von-seibert.de\/catalog\/index.php?rest_route=%2Fwp%2Fv2%2Fproduct_tag&post=45087"}],"curies":[{"name":"wp","href":"https:\/\/api.w.org\/{rel}","templated":true}]}}