{"id":45010,"date":"2022-10-19T10:30:50","date_gmt":"2022-10-19T08:30:50","guid":{"rendered":"https:\/\/wein-von-seibert.de\/catalog\/?product=96-102010er-bacchus-beerenauslese-edelsuess-05l"},"modified":"2026-03-04T19:39:05","modified_gmt":"2026-03-04T17:39:05","slug":"96-102010er-bacchus-beerenauslese-edelsuess-05l","status":"publish","type":"product","link":"https:\/\/wein-von-seibert.de\/catalog\/?product=96-102010er-bacchus-beerenauslese-edelsuess-05l","title":{"rendered":"<br><h3>96\/10<\/h3>2010er Bacchus Beerenauslese edels\u00fc\u00df  0,5l<br>"},"content":{"rendered":"<div align=\"left\"><!-- IBGHTML --><font face=\"Calibri\" size=\"3\">Deutscher Pr\u00e4dikatswein Beerenauslese<br \/>Ein voller Genuss, gute Lagerm\u00f6glichkeit, bukettreich mit&nbsp;ausdrucksvoller Frucht.<br \/>&#8211; mit K\u00fcnstleretikett &#8211;<\/font><\/p><\/div>\n<table WIDTH=\"60%\" BORDER=\"0\" align=\"left\" CELLPADDING=\"0\" CELLSPACING=\"0\"><\/p>\n<tr><\/p>\n<td width=\"53%\"><font size=\"-1\">Artikelnummer:<\/font><\/td>\n<td width=\"47%\"><font size=\"-1\"><strong>96\/10<\/strong><\/font><\/td>\n<p><\/tr>\n<tr><\/p>\n<td><font size=\"-1\">Inhalt<\/font><\/td>\n<td><font size=\"-1\"><strong>0,5 Ltr.<\/strong><\/font><\/td>\n<p><\/tr>\n<tr ALIGN=\"LEFT\"><\/p>\n<td><font size=\"-1\">Preis\/Ltr.<\/font><\/td>\n<td><font size=\"-1\"><strong>21,00 EUR pro Ltr.<\/strong><\/font><\/td>\n<p><\/tr>\n<tr><\/p>\n<td><font size=\"-1\">Weinart:<\/font><\/td>\n<td><font size=\"-1\"><strong>Wei\u00dfwein<\/strong><\/font><\/td>\n<p><\/tr>\n<tr><\/p>\n<td><font size=\"-1\">Qualit&auml;tsstufe<\/font><\/td>\n<td><font size=\"-1\"><strong>Beerenauslese<\/strong><\/font><\/td>\n<p><\/tr>\n<tr><\/p>\n<td><font size=\"-1\">Rebsorte<\/font><\/td>\n<td><font size=\"-1\"><strong>Bacchus<\/strong><\/font><\/td>\n<p><\/tr>\n<tr>  <\/p>\n<td><font size=\"-1\">Restzuckergehalt<\/font><\/td>\n<p>  <\/p>\n<td><font size=\"-1\"><strong>94,5 g\/Ltr.<\/strong><\/font><\/td>\n<p><\/tr>\n<tr>  <\/p>\n<td><font size=\"-1\">Fruchts\u00e4ure<\/font><\/td>\n<p>  <\/p>\n<td><font size=\"-1\"><strong>11,3 g\/Ltr.<\/strong><\/font><\/td>\n<p><\/tr>\n<tr><\/p>\n<td><font size=\"-1\">Alkoholgehalt<\/font><\/td>\n<td><font size=\"-1\"><strong>11,0 Vol. %<\/strong><\/font><\/td>\n<p><\/tr>\n<p><\/p>\n<tr>\n<td><font size=\"-1\">Bio:<\/font><\/td>\n<td><font size=\"-1\"><strong>NEIN<\/strong><\/font><\/td>\n<\/tr>\n<p><\/p>\n<tr>\n<td><font size=\"-1\">vegan:<\/font><\/td>\n<td><font size=\"-1\"><strong>NEIN<\/strong><\/font><\/td>\n<\/tr>\n<p><\/p>\n<tr>\n<td><font size=\"-1\">Ursprungsland:<\/font><\/td>\n<td><font size=\"-1\"><strong>Deutschland<\/strong><\/font><\/td>\n<\/tr>\n<p><\/p>\n<tr>\n<td><font size=\"-1\">enth\u00e4lt Allergene:<\/font><\/td>\n<td><font size=\"-1\"><strong>Sulfite<\/strong><\/font><\/td>\n<\/tr>\n<p><\/table>\n","protected":false},"excerpt":{"rendered":"<p>Deutscher Pr\u00e4dikatswein BeerenausleseEin voller Genuss, gute Lagerm\u00f6glichkeit, bukettreich mit&nbsp;ausdrucksvoller Frucht.&#8211; mit K\u00fcnstleretikett &#8211; Artikelnummer: 96\/10 Inhalt 0,5 Ltr. Preis\/Ltr. 21,00 EUR pro Ltr. Weinart: Wei\u00dfwein Qualit&auml;tsstufe Beerenauslese Rebsorte Bacchus Restzuckergehalt 94,5 g\/Ltr. Fruchts\u00e4ure 11,3 g\/Ltr. Alkoholgehalt 11,0 Vol. % Bio: NEIN vegan: NEIN Ursprungsland: Deutschland enth\u00e4lt Allergene: Sulfite<\/p>\n","protected":false},"featured_media":44952,"template":"","meta":[],"product_brand":[],"product_cat":[2185],"product_tag":[],"class_list":{"0":"post-45010","1":"product","2":"type-product","3":"status-publish","4":"has-post-thumbnail","6":"product_cat-weissweine-lieblich-edelsuess","8":"first","9":"instock","10":"taxable","11":"shipping-taxable","12":"purchasable","13":"product-type-simple"},"_links":{"self":[{"href":"https:\/\/wein-von-seibert.de\/catalog\/index.php?rest_route=\/wp\/v2\/product\/45010"}],"collection":[{"href":"https:\/\/wein-von-seibert.de\/catalog\/index.php?rest_route=\/wp\/v2\/product"}],"about":[{"href":"https:\/\/wein-von-seibert.de\/catalog\/index.php?rest_route=\/wp\/v2\/types\/product"}],"wp:featuredmedia":[{"embeddable":true,"href":"https:\/\/wein-von-seibert.de\/catalog\/index.php?rest_route=\/wp\/v2\/media\/44952"}],"wp:attachment":[{"href":"https:\/\/wein-von-seibert.de\/catalog\/index.php?rest_route=%2Fwp%2Fv2%2Fmedia&parent=45010"}],"wp:term":[{"taxonomy":"product_brand","embeddable":true,"href":"https:\/\/wein-von-seibert.de\/catalog\/index.php?rest_route=%2Fwp%2Fv2%2Fproduct_brand&post=45010"},{"taxonomy":"product_cat","embeddable":true,"href":"https:\/\/wein-von-seibert.de\/catalog\/index.php?rest_route=%2Fwp%2Fv2%2Fproduct_cat&post=45010"},{"taxonomy":"product_tag","embeddable":true,"href":"https:\/\/wein-von-seibert.de\/catalog\/index.php?rest_route=%2Fwp%2Fv2%2Fproduct_tag&post=45010"}],"curies":[{"name":"wp","href":"https:\/\/api.w.org\/{rel}","templated":true}]}}